{"id":57,"date":"2024-03-22T21:19:27","date_gmt":"2024-03-22T20:19:27","guid":{"rendered":"https:\/\/miammiamlacie.com\/?page_id=57"},"modified":"2026-03-23T15:17:21","modified_gmt":"2026-03-23T14:17:21","slug":"la-nuit-des-temps","status":"publish","type":"page","link":"https:\/\/miammiamlacie.com\/index.php\/la-nuit-des-temps\/","title":{"rendered":"La Nuit des Temps"},"content":{"rendered":"\n<div class=\"wp-block-columns is-layout-flex wp-container-core-columns-is-layout-28f84493 wp-block-columns-is-layout-flex\">\n<div class=\"wp-block-column is-layout-flow wp-block-column-is-layout-flow\">\n<p class=\"has-small-font-size\">id\u00e9e originale, mise en sc\u00e8ne et interpr\u00e9tation <strong>Olivier Veillon<\/strong><br>\u00e9criture, mise en sc\u00e8ne <strong>Maxime Mikolajczak<\/strong> et <strong>Olivier Veillon<\/strong><br>musique originale <strong>Flavien Berger<\/strong><br>conception des menus <strong>Agata Felluga<\/strong><br>sc\u00e9nographie <strong>Herv\u00e9 Coqueret<\/strong><br>r\u00e9gie cuisine <strong>Carole Th\u00e9odoly<\/strong><br>coach vocale <strong>Jeanne-Sarah Deledicq<\/strong><br>r\u00e9gie g\u00e9n\u00e9rale <strong>Emile Wacquiez<\/strong><br>production <strong>Claire Nollez, Romain Courault<\/strong> et <strong>Mathilde Clavel<\/strong> le <strong>BEC (Bureau des \u00c9critures Contemporaines)<\/strong><br>administration <strong>Antoine Lenoble<\/strong><\/p>\n\n\n\n<p class=\"has-small-font-size\"><\/p>\n\n\n\n<p class=\"has-small-font-size\">production<br><strong>Miam Miam<\/strong><br>coproduction<br><strong>Le NEST \u2013 CDN transfrontalier Thionville, Le Th\u00e9\u00e2tre Dijon Bourgogne \u2013 CDN , L\u2019Empreinte \u2013 sc\u00e8ne nationale Brive Tulle, La Garance \u2013 Sc\u00e8ne Nationale de Cavaillon, les Sc\u00e8nes du Jura \u2013 Sc\u00e8ne Nationale, Chalon dans la rue \u2013 CNAREP de Chalon-sur-Sa\u00f4ne<\/strong> en cours<br>accueil en r\u00e9sidence<br><strong>Monthelon \u2013 Atelier International de fabrique Artistique, Maison Jacques Copeau, Le Citron Jaune \u2013 Centre National des Arts de la Rue \u00e0 Port-Saint-Louis-du-Rh\u00f4ne, la Ferme du Chambeyron \u00e0 Rettel (57), Commune de Fay en Montagne (39), Images Plurielles \u2013 M\u00e9tairie des Arts \u00e0 Saint Pantal\u00e9on de Larche(19<\/strong>),en cours<br>avec le soutien de<br><strong>la Bourse \u00e0 l\u2019\u00e9criture et l&rsquo;aide \u00e0 la production Hors Cadres 25 &#8211; Association des CNAREP &amp; DGCA, l\u2019Aide nationale \u00e0 la cr\u00e9ation pour les arts de la rue et du cirque la Ville de Dijon, R\u00e9gion Bourgogne \u2013 Franche Comt\u00e9, DRAC Bourgogne-Franche Comt\u00e9, Fonds SACD<\/strong> <strong>Musique de Sc\u00e8ne<\/strong>, en cours<\/p>\n\n\n\n<p class=\"has-small-font-size\"><\/p>\n<\/div>\n\n\n\n<div class=\"wp-block-column is-layout-flow wp-block-column-is-layout-flow\">\n<p>Olivier est cuisinier. Il est jardinier aussi. Et apiculteur. Mais surtout, Olivier est obs\u00e9d\u00e9 par le temps. Un individu myst\u00e9rieux lui a demand\u00e9 de ramener un groupe de personnes en juillet 2026 \u00e0 Ch\u00e2lon pour une mission inconnue. Comment ? Vous le d\u00e9couvrirez. Pourquoi ? Il n\u2019en sait rien. Mais il en est persuad\u00e9, il le sent, \u00e7a vaut le coup. Alors il vous invite \u00e0 le rejoindre dans l\u2019aventure. En marchant \u00e0 ses c\u00f4t\u00e9s, en l\u2019\u00e9coutant nous parler de son rapport au vivant, \u00e0 la nourriture, aux abeilles et aux paysages, Olivier nous entra\u00eene dans une qu\u00eate \u00e9nigmatique, intime et temporelle. Mais o\u00f9 nous m\u00e8ne-t-elle? Suspense ! Avec cette fable \u00e0 vivre ensemble, Olivier nous fait pratiquer, entendre et go\u00fbter un paysage en nous proposant une exp\u00e9rience in\u00e9dite du temps, bien diff\u00e9rente de celle de nos agendas. Une exp\u00e9rience de science fiction pastorale, gustative, en paysage vivant.<\/p>\n\n\n\n<p><a href=\"https:\/\/drive.google.com\/file\/d\/1P3y8lgwsLQDUAMtC7pQ82dr1GbLVlu-k\/view?usp=drive_link\">DOSSIER ARTISTIQUE<\/a><\/p>\n<\/div>\n<\/div>\n\n\n\n<p><strong>Planning de cr\u00e9ation<\/strong><\/p>\n\n\n\n<p class=\"has-small-font-size\"># F\u00e9vrier 2023 et mai 2024 &#8211; r\u00e9sidence de recherche au Ch\u00e2teau de Monthelon<br># 9-13 septembre 2024 &#8211; R\u00e9sidence d&rsquo;\u00e9criture &#8211; Maison Jacques Copeau<br># 14-18 octobre 2024 &#8211; R\u00e9sidence d&rsquo;\u00e9criture &#8211; Maison Jacques Copeau<br># Janvier &#8211; f\u00e9vrier 2025 &#8211; 3 semaines de r\u00e9sidence d&rsquo;\u00e9criture \u00e0 la Cure, en Bourgogne<br># Mai 2025 &#8211; 1 semaine de r\u00e9p\u00e9titions \u00e0 la M\u00e9tairie des Arts, avec l&rsquo;Empreinte &#8211; Sc\u00e8ne Nationale de Brive &#8211; Tulle<br># Septembre 2025 &#8211; 2 semaines de r\u00e9p\u00e9titions \u00e0 la Ferme du Chambeyron, avec le NEST &#8211; CDN Transfrontalier de Thionville Grand Est<br># Octobre 2025 &#8211; 1 semaine de r\u00e9sidence d&rsquo;\u00e9criture \u00e0 la Cure, en Bourgogne<br># Mai 2026 &#8211; 2 semaines de r\u00e9p\u00e9titions \u00e0 Fay en Montagne, avec Les Sc\u00e8nes du Jura &#8211; Sc\u00e8ne nationale<br># Juin 2026 &#8211; 1 semaine r\u00e9p\u00e9titions \u00e0 la Ferme du Chambeyron, avec le NEST &#8211; CDN Transfrontalier de Thionville Grand Est<br><strong># Juin 2026 &#8211; cr\u00e9ation partie 1 \u00e0 la Ferme du Chambeyron, avec le NEST &#8211; CDN Transfrontalier de Thionville Grand Est<\/strong> puis tourn\u00e9e<br># Septembre 2026 &#8211; 2 semaines de r\u00e9p\u00e9titions \u00e0 Fay en Montagne, avec Les Sc\u00e8nes du Jura &#8211; Sc\u00e8ne nationale<br># Janvier 2027 &#8211; 1 semaine de r\u00e9sidence d&rsquo;\u00e9criture partie 2 en Bourgogne<br># Mai 2027 &#8211; 1 semaine r\u00e9p\u00e9titions \u00e0 Cavaillon, avec la Garance &#8211; Sc\u00e8ne Nationale et le Citron Jaune &#8211; CNAREP de Port St Louis du Rh\u00f4ne<br># Juin 2027 &#8211; 1 semaine r\u00e9p\u00e9titions \u00e0 la Ferme du Chambeyron, avec le NEST &#8211; CDN Transfrontalier de Thionville Grand Est<br><strong># Juin 2027 &#8211; cr\u00e9ation partie 2 \u00e0 la Ferme du Chambeyron, avec le NEST &#8211; CDN Transfrontalier de Thionville Grand Est<\/strong> puis tourn\u00e9e<\/p>\n\n\n\n<div class=\"wp-block-columns is-layout-flex wp-container-core-columns-is-layout-28f84493 wp-block-columns-is-layout-flex\">\n<div class=\"wp-block-column is-layout-flow wp-block-column-is-layout-flow\">\n<figure class=\"wp-block-image alignleft size-full is-resized wp-duotone-unset-1\"><img loading=\"lazy\" decoding=\"async\" width=\"360\" height=\"360\" src=\"https:\/\/miammiamlacie.com\/wp-content\/uploads\/2024\/11\/Logo_DRAC.png\" alt=\"\" class=\"wp-image-414\" style=\"width:122px;height:auto\" srcset=\"https:\/\/miammiamlacie.com\/wp-content\/uploads\/2024\/11\/Logo_DRAC.png 360w, https:\/\/miammiamlacie.com\/wp-content\/uploads\/2024\/11\/Logo_DRAC-300x300.png 300w, https:\/\/miammiamlacie.com\/wp-content\/uploads\/2024\/11\/Logo_DRAC-150x150.png 150w\" sizes=\"auto, (max-width: 360px) 100vw, 360px\" \/><\/figure>\n\n\n\n<figure class=\"wp-block-image alignleft size-full is-resized wp-duotone-default-filter\"><img loading=\"lazy\" decoding=\"async\" width=\"648\" height=\"486\" src=\"http:\/\/miammiamlacie.com\/wp-content\/uploads\/2024\/11\/1200x680_logo_bfc-edited.jpg\" alt=\"\" class=\"wp-image-405\" style=\"width:124px;height:auto\" srcset=\"https:\/\/miammiamlacie.com\/wp-content\/uploads\/2024\/11\/1200x680_logo_bfc-edited.jpg 648w, https:\/\/miammiamlacie.com\/wp-content\/uploads\/2024\/11\/1200x680_logo_bfc-edited-300x225.jpg 300w\" sizes=\"auto, (max-width: 648px) 100vw, 648px\" \/><\/figure>\n\n\n\n<figure class=\"wp-block-image alignleft size-full is-resized wp-duotone-default-filter\"><img loading=\"lazy\" decoding=\"async\" width=\"200\" height=\"200\" src=\"https:\/\/miammiamlacie.com\/wp-content\/uploads\/2024\/11\/logo-monthelon.png\" alt=\"\" class=\"wp-image-417\" style=\"width:77px;height:auto\" srcset=\"https:\/\/miammiamlacie.com\/wp-content\/uploads\/2024\/11\/logo-monthelon.png 200w, https:\/\/miammiamlacie.com\/wp-content\/uploads\/2024\/11\/logo-monthelon-150x150.png 150w\" sizes=\"auto, (max-width: 200px) 100vw, 200px\" \/><\/figure>\n\n\n\n<figure class=\"wp-block-image alignleft size-full is-resized wp-duotone-default-filter\"><img loading=\"lazy\" decoding=\"async\" width=\"497\" height=\"502\" src=\"https:\/\/miammiamlacie.com\/wp-content\/uploads\/2024\/11\/VDD_logoNOIR.webp\" alt=\"\" class=\"wp-image-416\" style=\"width:103px;height:auto\" srcset=\"https:\/\/miammiamlacie.com\/wp-content\/uploads\/2024\/11\/VDD_logoNOIR.webp 497w, https:\/\/miammiamlacie.com\/wp-content\/uploads\/2024\/11\/VDD_logoNOIR-297x300.webp 297w\" sizes=\"auto, (max-width: 497px) 100vw, 497px\" \/><\/figure>\n\n\n\n<figure class=\"wp-block-image alignleft size-full is-resized wp-duotone-default-filter\"><img loading=\"lazy\" decoding=\"async\" width=\"225\" height=\"225\" src=\"https:\/\/miammiamlacie.com\/wp-content\/uploads\/2024\/11\/Logo-NEST.png\" alt=\"\" class=\"wp-image-419\" style=\"width:116px;height:auto\" srcset=\"https:\/\/miammiamlacie.com\/wp-content\/uploads\/2024\/11\/Logo-NEST.png 225w, https:\/\/miammiamlacie.com\/wp-content\/uploads\/2024\/11\/Logo-NEST-150x150.png 150w\" sizes=\"auto, (max-width: 225px) 100vw, 225px\" \/><\/figure>\n<\/div>\n<\/div>\n","protected":false},"excerpt":{"rendered":"<p>id\u00e9e originale, mise en sc\u00e8ne et interpr\u00e9tation Olivier Veillon\u00e9criture, mise en sc\u00e8ne Maxime Mikolajczak et Olivier Veillonmusique originale Flavien Bergerconception des menus Agata Fellugasc\u00e9nographie Herv\u00e9 Coqueretr\u00e9gie cuisine Carole Th\u00e9odolycoach vocale Jeanne-Sarah Deledicqr\u00e9gie g\u00e9n\u00e9rale Emile Wacquiezproduction Claire Nollez, Romain Courault et Mathilde Clavel le BEC (Bureau des \u00c9critures Contemporaines)administration Antoine Lenoble productionMiam MiamcoproductionLe NEST \u2013 CDN [&hellip;]<\/p>\n","protected":false},"author":1,"featured_media":383,"parent":0,"menu_order":0,"comment_status":"closed","ping_status":"closed","template":"","meta":{"_FSMCFIC_featured_image_caption":"","_FSMCFIC_featured_image_nocaption":"","_FSMCFIC_featured_image_hide":"","footnotes":""},"class_list":["post-57","page","type-page","status-publish","has-post-thumbnail","hentry"],"_links":{"self":[{"href":"https:\/\/miammiamlacie.com\/index.php\/wp-json\/wp\/v2\/pages\/57","targetHints":{"allow":["GET"]}}],"collection":[{"href":"https:\/\/miammiamlacie.com\/index.php\/wp-json\/wp\/v2\/pages"}],"about":[{"href":"https:\/\/miammiamlacie.com\/index.php\/wp-json\/wp\/v2\/types\/page"}],"author":[{"embeddable":true,"href":"https:\/\/miammiamlacie.com\/index.php\/wp-json\/wp\/v2\/users\/1"}],"replies":[{"embeddable":true,"href":"https:\/\/miammiamlacie.com\/index.php\/wp-json\/wp\/v2\/comments?post=57"}],"version-history":[{"count":24,"href":"https:\/\/miammiamlacie.com\/index.php\/wp-json\/wp\/v2\/pages\/57\/revisions"}],"predecessor-version":[{"id":622,"href":"https:\/\/miammiamlacie.com\/index.php\/wp-json\/wp\/v2\/pages\/57\/revisions\/622"}],"wp:featuredmedia":[{"embeddable":true,"href":"https:\/\/miammiamlacie.com\/index.php\/wp-json\/wp\/v2\/media\/383"}],"wp:attachment":[{"href":"https:\/\/miammiamlacie.com\/index.php\/wp-json\/wp\/v2\/media?parent=57"}],"curies":[{"name":"wp","href":"https:\/\/api.w.org\/{rel}","templated":true}]}}