{"id":193,"date":"2024-09-27T16:29:58","date_gmt":"2024-09-27T14:29:58","guid":{"rendered":"https:\/\/miammiamlacie.com\/?page_id=193"},"modified":"2026-01-30T16:49:15","modified_gmt":"2026-01-30T15:49:15","slug":"pas-de-souci","status":"publish","type":"page","link":"https:\/\/miammiamlacie.com\/index.php\/pas-de-souci\/","title":{"rendered":"Pas de souci"},"content":{"rendered":"\n<div class=\"wp-block-columns is-layout-flex wp-container-core-columns-is-layout-28f84493 wp-block-columns-is-layout-flex\">\n<div class=\"wp-block-column is-layout-flow wp-block-column-is-layout-flow\">\n<p>Jeu et \u00e9criture <strong>Solal Bouloudnine &amp; Maxime Mikolajczak<\/strong><br>Ecriture et mise en sc\u00e8ne <strong>Olivier Veillon<\/strong><br>Avec les voix de<strong> Anne Steffens, Lyn Thibault, Mika\u00eblle Fratissier, Ezra et Noah Bouloudnine, Olivier Veillon<\/strong><\/p>\n\n\n\n<p>Cr\u00e9ation vid\u00e9o <strong>Solal Bouloudnine<\/strong>                                                                  Costumes <strong>Sophie Benoit<\/strong><br>Cr\u00e9ation lumi\u00e8re et son, r\u00e9gie <strong>Fran\u00e7ois Duguest<\/strong> et <strong>Vinciane De Mulder<\/strong><br>R\u00e9gie g\u00e9n\u00e9rale <strong>Vinciane De Mulder<\/strong><br>Cascades <strong>David Grolleau<\/strong><br>Conseill\u00e8re sc\u00e9nographie <strong>Floriane Benetti<\/strong><\/p>\n\n\n\n<p><br>Production et diffusion <strong>Le BEC &#8211; Le Bureau des Ecritures Contemporaines &#8211; Romain Courault et Claire Nollez<\/strong>                                                                         Administration <strong>Antoine Lenoble<\/strong><\/p>\n\n\n\n<p><strong>Un projet de la compagnie MIAM MIAM<\/strong><\/p>\n\n\n\n<p><strong>Coproducteurs <\/strong>Le NEST \u2013 CDN transfrontalier de Thionville Grand-Est, Les C\u00e9lestins &#8211; Th\u00e9\u00e2tre de Lyon, Le Carreau Forbach \u2013 Sc\u00e8ne Nationale de l\u2019Est Mosellan<\/p>\n\n\n\n<p><strong>Accueil en r\u00e9sidence <\/strong>Le 104 (Paris), Th\u00e9\u00e2tre Ouvert (Paris), Ch\u00e2teau de Monthelon &#8211; Atelier International de Fabrique Artistique, L\u2019Espace des Arts \u2013 Sc\u00e8ne Nationale de Chalon-sur-Sa\u00f4ne, La Maison des M\u00e9tallos (Paris), Th\u00e9\u00e2tre 13 (Paris)<\/p>\n\n\n\n<p><strong>Avec le soutien de<\/strong> la Ville de Dijon, la R\u00e9gion Bourgogne Franche-Comt\u00e9, la DRAC Bourgogne Franche-Comt\u00e9<\/p>\n\n\n\n<p>La compagnie Miam Miam b\u00e9n\u00e9ficie d\u2019une aide pluriannuelle de la DRAC Bourgogne &#8211; Franche Comt\u00e9 pour les ann\u00e9es 2025 et 2026.<br><\/p>\n\n\n\n<p><br><\/p>\n\n\n\n<p><strong>Planning de cr\u00e9ation<\/strong><br><strong>Temps de recherche et d\u2019\u00e9criture<\/strong><br># du 24 au 28 juin 2024 \u00e0 Th\u00e9\u00e2tre Ouvert (Paris)<br># du 18 au 22 novembre 2024 au 104 (Paris)<br># du 13 au 17 janvier 2025 \u00e0 la Maison des M\u00e9tallos (Paris)<br># du 10 au 14 mars 2025 \u00e0 la Maison des M\u00e9tallos (Paris)<br># du 17 au 21 mars 2025 \u00e0 la Maison des M\u00e9tallos (Paris) \u2013 laboratoire technique<br># Du 5 au 9 mai 2025, au Ch\u00e2teau de Monthelon (Montr\u00e9al) <br># Du 13 au 24 octobre 2025 au Ch\u00e2teau de Monthelon (Montr\u00e9al)<br><strong>Temps de cr\u00e9ation au plateau avec technique<\/strong><br># du 15 au 19 d\u00e9cembre 2025 \u2013 \u00e0 l&rsquo;Espace des Arts &#8211; Sc\u00e8ne Nationale de Chalon-sur-Sa\u00f4ne<br># du 5 au 17 janvier 2026 au Carreau (Forbach)<\/p>\n\n\n\n<p><strong># Cr\u00e9ation au Carreau \u00e0 Forbach le 20 et 21 janvier 2026<\/strong><\/p>\n<\/div>\n\n\n\n<div class=\"wp-block-column is-layout-flow wp-block-column-is-layout-flow\">\n<p>Dans un futur plus ou moins proche, deux amis de longue date ont lou\u00e9 une salle de Mif-M\u00fcf, un sport nordique tr\u00e8s en vogue, pour une heure. Au fil de la partie, ils vont se dire des v\u00e9rit\u00e9s jamais \u00e9nonc\u00e9es, comme seuls les amis savent se blesser l&rsquo;un l&rsquo;autre, en toute bonne foi. <em>Pas de souci<\/em> est un conflit grandissant, une escalade, un engrenage, o\u00f9 les \u00e9gos s&#8217;empoignent jusqu&rsquo;au grotesque, dans une danse absurde de b\u00eates humaines en crise.<\/p>\n\n\n\n<p><a href=\"https:\/\/drive.google.com\/file\/d\/1er7_knWzyIt1VwRk3ZnPiiybO_B8KX1h\/view?usp=drive_link\">DOSSIER ARTISTIQUE<\/a><\/p>\n\n\n\n<p><\/p>\n\n\n\n<p>\u00ab\u00a0Un Tricount litigieux apr\u00e8s des vacances entre amis, une divergence sur des go\u00fbts musicaux ou sur l\u2019\u00e9ducation \u00e0 donner \u00e0 ses gosses : dans un futur proche r\u00e9gi par l\u2019IA et menac\u00e9 d\u2019effondrement, deux vieux potes en viennent aux mains pour des motifs futiles lors d\u2019un jeu de ballon aux r\u00e8gles fictives. Serions-nous toujours \u00e0 deux doigts de la violence dans notre quotidien ?\u00a0\u00bb<\/p>\n\n\n\n<p><a href=\"https:\/\/www.mouvement.net\/scenes\/compagnie-miam-miam-commencer-comme-dans-un-film-a-la-francaise-finir-dans-la-violence-trash\" data-type=\"link\" data-id=\"https:\/\/www.mouvement.net\/scenes\/compagnie-miam-miam-commencer-comme-dans-un-film-a-la-francaise-finir-dans-la-violence-trash\">Propos recueillis par Thomas Corlin &#8211; Publi\u00e9 le 29\/01\/2026 &#8211; Inter view compl\u00e8te ici<\/a><\/p>\n<\/div>\n<\/div>\n\n\n\n<p><\/p>\n","protected":false},"excerpt":{"rendered":"<p>Jeu et \u00e9criture Solal Bouloudnine &amp; Maxime MikolajczakEcriture et mise en sc\u00e8ne Olivier VeillonAvec les voix de Anne Steffens, Lyn Thibault, Mika\u00eblle Fratissier, Ezra et Noah Bouloudnine, Olivier Veillon Cr\u00e9ation vid\u00e9o Solal Bouloudnine Costumes Sophie BenoitCr\u00e9ation lumi\u00e8re et son, r\u00e9gie Fran\u00e7ois Duguest et Vinciane De MulderR\u00e9gie g\u00e9n\u00e9rale Vinciane De MulderCascades David GrolleauConseill\u00e8re sc\u00e9nographie Floriane Benetti [&hellip;]<\/p>\n","protected":false},"author":1,"featured_media":525,"parent":0,"menu_order":0,"comment_status":"closed","ping_status":"closed","template":"","meta":{"_FSMCFIC_featured_image_caption":"","_FSMCFIC_featured_image_nocaption":"","_FSMCFIC_featured_image_hide":"","footnotes":""},"class_list":["post-193","page","type-page","status-publish","has-post-thumbnail","hentry"],"_links":{"self":[{"href":"https:\/\/miammiamlacie.com\/index.php\/wp-json\/wp\/v2\/pages\/193","targetHints":{"allow":["GET"]}}],"collection":[{"href":"https:\/\/miammiamlacie.com\/index.php\/wp-json\/wp\/v2\/pages"}],"about":[{"href":"https:\/\/miammiamlacie.com\/index.php\/wp-json\/wp\/v2\/types\/page"}],"author":[{"embeddable":true,"href":"https:\/\/miammiamlacie.com\/index.php\/wp-json\/wp\/v2\/users\/1"}],"replies":[{"embeddable":true,"href":"https:\/\/miammiamlacie.com\/index.php\/wp-json\/wp\/v2\/comments?post=193"}],"version-history":[{"count":18,"href":"https:\/\/miammiamlacie.com\/index.php\/wp-json\/wp\/v2\/pages\/193\/revisions"}],"predecessor-version":[{"id":594,"href":"https:\/\/miammiamlacie.com\/index.php\/wp-json\/wp\/v2\/pages\/193\/revisions\/594"}],"wp:featuredmedia":[{"embeddable":true,"href":"https:\/\/miammiamlacie.com\/index.php\/wp-json\/wp\/v2\/media\/525"}],"wp:attachment":[{"href":"https:\/\/miammiamlacie.com\/index.php\/wp-json\/wp\/v2\/media?parent=193"}],"curies":[{"name":"wp","href":"https:\/\/api.w.org\/{rel}","templated":true}]}}